{"id":721,"date":"2022-04-03T18:56:38","date_gmt":"2022-04-03T16:56:38","guid":{"rendered":"https:\/\/bslthemes.com\/kaffen\/?page_id=721"},"modified":"2024-12-13T09:19:14","modified_gmt":"2024-12-13T07:19:14","slug":"reservation","status":"publish","type":"page","link":"https:\/\/csepelcsapszek.hu\/index.php\/reservation\/","title":{"rendered":"Foglal\u00e1s"},"content":{"rendered":"\t\t<div data-elementor-type=\"wp-page\" data-elementor-id=\"721\" class=\"elementor elementor-721\" data-elementor-post-type=\"page\">\n\t\t\t\t\t\t<section class=\"elementor-section elementor-top-section elementor-element elementor-element-6c14546 elementor-section-full_width elementor-section-height-default elementor-section-height-default\" data-id=\"6c14546\" data-element_type=\"section\">\n\t\t\t\t\t\t<div class=\"elementor-container elementor-column-gap-no\">\n\t\t\t\t\t<div class=\"elementor-column elementor-col-100 elementor-top-column elementor-element elementor-element-af83e78\" data-id=\"af83e78\" data-element_type=\"column\">\n\t\t\t<div class=\"elementor-widget-wrap elementor-element-populated\">\n\t\t\t\t\t\t<div class=\"elementor-element elementor-element-6728614 elementor-widget elementor-widget-kaffen-started\" data-id=\"6728614\" data-element_type=\"widget\" data-widget_type=\"kaffen-started.default\">\n\t\t\t\t<div class=\"elementor-widget-container\">\n\t\t\t\t\t\n    <!-- Section Started Inner -->\n    <section class=\"section kf-started-inner\">\n      <div class=\"kf-parallax-bg\" style=\"background-image: url('https:\/\/csepelcsapszek.hu\/wp-content\/uploads\/2023\/09\/DSC01210-scaled-e1695552463136.jpg');\"><\/div>\n\t  <div class=\"container\">\n                <h1 class=\"kf-h-title text-anim-1 scroll-animate\" data-splitting=\"chars\" data-animate=\"active\">\n          <span >\n            Foglal\u00e1s          <\/span>\n        <\/h1>\n        \n\t\t\t\t      <\/div>\n    <\/section>\n\n\t\t\t\t\t\t<\/div>\n\t\t\t\t<\/div>\n\t\t\t\t\t<\/div>\n\t\t<\/div>\n\t\t\t\t\t<\/div>\n\t\t<\/section>\n\t\t\t\t<section class=\"elementor-section elementor-top-section elementor-element elementor-element-25092b2 elementor-section-full_width elementor-section-height-default elementor-section-height-default\" data-id=\"25092b2\" data-element_type=\"section\">\n\t\t\t\t\t\t<div class=\"elementor-container elementor-column-gap-no\">\n\t\t\t\t\t<div class=\"elementor-column elementor-col-100 elementor-top-column elementor-element elementor-element-85081cd\" data-id=\"85081cd\" data-element_type=\"column\">\n\t\t\t<div class=\"elementor-widget-wrap elementor-element-populated\">\n\t\t\t\t\t\t<div class=\"elementor-element elementor-element-b27f975 elementor-widget elementor-widget-kaffen-table-reservation\" data-id=\"b27f975\" data-element_type=\"widget\" data-widget_type=\"kaffen-table-reservation.default\">\n\t\t\t\t<div class=\"elementor-widget-container\">\n\t\t\t\t\t\n    <!-- Section Reservation -->\n    <section class=\"section kf-reservation kf-section-no-margin\">\n      <div class=\"container\">\n\n        <div class=\"kf-reservation-form element-anim-1 scroll-animate\" data-animate=\"active\">\n                    <div class=\"image-left\" style=\"background-image: url('');\"><\/div>\n                              <div class=\"image-right\" style=\"background-image: url('');\"><\/div>\n          \n                    <div class=\"kf-titles align-center\">\n                        <div class=\"kf-subtitle\">\n              <span >\n                Foglaljon id\u0151pontot              <\/span>\n            <\/div>\n                                    <h3 class=\"kf-title\">\n              <span >\n                K\u00fcldje el foglal\u00e1si sz\u00e1nd\u00e9k\u00e1t!              <\/span>\n            <\/h3>\n                      <\/div>\n          \n          \n<div class=\"wpcf7 no-js\" id=\"wpcf7-f636-o1\" lang=\"en-US\" dir=\"ltr\" data-wpcf7-id=\"636\">\n<div class=\"screen-reader-response\"><p role=\"status\" aria-live=\"polite\" aria-atomic=\"true\"><\/p> <ul><\/ul><\/div>\n<form action=\"\/index.php\/wp-json\/wp\/v2\/pages\/721#wpcf7-f636-o1\" method=\"post\" class=\"wpcf7-form init\" aria-label=\"Contact form\" novalidate=\"novalidate\" data-status=\"init\">\n<div style=\"display: none;\">\n<input type=\"hidden\" name=\"_wpcf7\" value=\"636\" \/>\n<input type=\"hidden\" name=\"_wpcf7_version\" value=\"6.0.2\" \/>\n<input type=\"hidden\" name=\"_wpcf7_locale\" value=\"en_US\" \/>\n<input type=\"hidden\" name=\"_wpcf7_unit_tag\" value=\"wpcf7-f636-o1\" \/>\n<input type=\"hidden\" name=\"_wpcf7_container_post\" value=\"0\" \/>\n<input type=\"hidden\" name=\"_wpcf7_posted_data_hash\" value=\"\" \/>\n<\/div>\n<div class=\"row\">\n  <div class=\"col-xs-12 col-sm-12 col-md-6 col-lg-6\">\n    <div class=\"kf-field\">\n      <span class=\"wpcf7-form-control-wrap\" data-name=\"rf_name\"><input size=\"40\" maxlength=\"400\" class=\"wpcf7-form-control wpcf7-text wpcf7-validates-as-required\" aria-required=\"true\" aria-invalid=\"false\" placeholder=\"Megrendel\u0151 neve\" value=\"\" type=\"text\" name=\"rf_name\" \/><\/span>\n      <i class=\"far fa-user\"><\/i>\n    <\/div>\n  <\/div>\n  <div class=\"col-xs-12 col-sm-12 col-md-6 col-lg-6\">\n    <div class=\"kf-field\">\n      <span class=\"wpcf7-form-control-wrap\" data-name=\"rf_email\"><input size=\"40\" maxlength=\"400\" class=\"wpcf7-form-control wpcf7-email wpcf7-validates-as-required wpcf7-text wpcf7-validates-as-email\" aria-required=\"true\" aria-invalid=\"false\" placeholder=\"Megrendel\u0151 e-mail c\u00edme\" value=\"\" type=\"email\" name=\"rf_email\" \/><\/span>\n      <i class=\"fas fa-at\"><\/i>\n    <\/div>\n  <\/div>\n  <div class=\"col-xs-12 col-sm-12 col-md-6 col-lg-6\">\n    <div class=\"kf-field\">\n      <span class=\"wpcf7-form-control-wrap\" data-name=\"rf_phone\"><input size=\"40\" maxlength=\"400\" class=\"wpcf7-form-control wpcf7-tel wpcf7-validates-as-required wpcf7-text wpcf7-validates-as-tel\" aria-required=\"true\" aria-invalid=\"false\" placeholder=\"Megrendl\u0151 telefonsz\u00e1ma\" value=\"\" type=\"tel\" name=\"rf_phone\" \/><\/span>\n      <i class=\"fas fa-mobile-alt\"><\/i>\n    <\/div>\n  <\/div>\n  <div class=\"col-xs-12 col-sm-12 col-md-6 col-lg-6\">\n    <div class=\"kf-field\">\n      <span class=\"wpcf7-form-control-wrap\" data-name=\"rf_persons\"><select class=\"wpcf7-form-control wpcf7-select wpcf7-validates-as-required\" aria-required=\"true\" aria-invalid=\"false\" name=\"rf_persons\"><option value=\"\">R\u00e9sztvev\u0151k l\u00e9tsz\u00e1ma<\/option><option value=\"10 F\u0151\">10 F\u0151<\/option><option value=\"20 F\u0151\">20 F\u0151<\/option><option value=\"30 F\u0151\">30 F\u0151<\/option><option value=\"40 F\u0151\">40 F\u0151<\/option><option value=\"50 F\u0151\">50 F\u0151<\/option><option value=\"60 vagy t\u00f6bb F\u0151\">60 vagy t\u00f6bb F\u0151<\/option><\/select><\/span>\n    <\/div>\n  <\/div>\n  <div class=\"col-xs-12 col-sm-12 col-md-6 col-lg-6\">\n    <div class=\"kf-field\">\n      <span class=\"wpcf7-form-control-wrap\" data-name=\"rf_date\"><input size=\"40\" maxlength=\"400\" class=\"wpcf7-form-control wpcf7-text wpcf7-validates-as-required datepicker-here\" id=\"reservation_date\" aria-required=\"true\" aria-invalid=\"false\" placeholder=\"D\u00e1tum amikor ig\u00e9nybe venn\u00e9 szolg\u00e1ltat\u00e1sunkat\" value=\"\" type=\"text\" name=\"rf_date\" \/><\/span>\n      <i class=\"far fa-calendar-alt\"><\/i>\n    <\/div>\n  <\/div>\n  <div class=\"col-xs-12 col-sm-12 col-md-6 col-lg-6\">\n    <div class=\"kf-field\">\n      <span class=\"wpcf7-form-control-wrap\" data-name=\"rf_time\"><select class=\"wpcf7-form-control wpcf7-select wpcf7-validates-as-required\" aria-required=\"true\" aria-invalid=\"false\" name=\"rf_time\"><option value=\"\">Id\u0151pont<\/option><option value=\"d\u00e9lel\u00f6tt\">d\u00e9lel\u00f6tt<\/option><option value=\"d\u00e9lid\u0151ben\">d\u00e9lid\u0151ben<\/option><option value=\"kora d\u00e9lut\u00e1n\">kora d\u00e9lut\u00e1n<\/option><option value=\"d\u00e9lut\u00e1n\">d\u00e9lut\u00e1n<\/option><option value=\"este\">este<\/option><option value=\"\u00e9jszaka\">\u00e9jszaka<\/option><option value=\"eg\u00e9sz nap\">eg\u00e9sz nap<\/option><option value=\"t\u00f6bb nap\">t\u00f6bb nap<\/option><\/select><\/span>\n    <\/div>\n  <\/div>\n  <div class=\"col-xs-12 col-sm-12 col-md-12 col-lg-12\">\n    <div class=\"kf-bts\">\n      <button type=\"submit\" class=\"kf-btn\">\n        <span>booking table<\/span>\n        <i class=\"fas fa-chevron-right\"><\/i>\n      <\/button>\n    <\/div>\n  <\/div>\n<\/div><div class=\"wpcf7-response-output\" aria-hidden=\"true\"><\/div>\n<\/form>\n<\/div>\n\n          \n        <\/div>\n\n      <\/div>\n    <\/section>\n\n\t\t\t\t\t\t<\/div>\n\t\t\t\t<\/div>\n\t\t\t\t<div class=\"elementor-element elementor-element-704957a elementor-widget elementor-widget-kaffen-instagram-carousel\" data-id=\"704957a\" data-element_type=\"widget\" data-widget_type=\"kaffen-instagram-carousel.default\">\n\t\t\t\t<div class=\"elementor-widget-container\">\n\t\t\t\t\t\n\t\t<!-- Section Insta Carousel -->\n\t\t<section class=\"section kf-insta-carousel element-anim-1 scroll-animate\" data-animate=\"active\">\n\t\t\t<div class=\"container\">\n\t\t\t\t<div class=\"swiper-container\">\n\n\t\t\t\t\t<div class=\"swiper-wrapper\">\n\t\t\t\t\t\t\t\t\t\t\t\t\t\t\t\t\t\t\t\t\t\t\t<\/div>\n\t\t\t\t<\/div>\n\t\t\t<\/div>\n\t\t<\/section>\n\n\t\t\t\t\t\t<\/div>\n\t\t\t\t<\/div>\n\t\t\t\t\t<\/div>\n\t\t<\/div>\n\t\t\t\t\t<\/div>\n\t\t<\/section>\n\t\t\t\t<\/div>\n\t\t","protected":false},"excerpt":{"rendered":"<p>Foglal\u00e1s Foglaljon id\u0151pontot K\u00fcldje el foglal\u00e1si sz\u00e1nd\u00e9k\u00e1t! Person1 Preson2 People3 People4 People5 People6 or more Time10:00 am11:00 am12:00 pm1:00 pm2:00 pm3:00 pm4:00 pm5:00 pm6:00 pm7:00 pm8:00 pm9:00 pm10:00 pm booking table<\/p>\n","protected":false},"author":1,"featured_media":0,"parent":0,"menu_order":0,"comment_status":"closed","ping_status":"closed","template":"template-layout-builder.php","meta":{"footnotes":""},"class_list":["post-721","page","type-page","status-publish","hentry"],"acf":[],"_links":{"self":[{"href":"https:\/\/csepelcsapszek.hu\/index.php\/wp-json\/wp\/v2\/pages\/721","targetHints":{"allow":["GET"]}}],"collection":[{"href":"https:\/\/csepelcsapszek.hu\/index.php\/wp-json\/wp\/v2\/pages"}],"about":[{"href":"https:\/\/csepelcsapszek.hu\/index.php\/wp-json\/wp\/v2\/types\/page"}],"author":[{"embeddable":true,"href":"https:\/\/csepelcsapszek.hu\/index.php\/wp-json\/wp\/v2\/users\/1"}],"replies":[{"embeddable":true,"href":"https:\/\/csepelcsapszek.hu\/index.php\/wp-json\/wp\/v2\/comments?post=721"}],"version-history":[{"count":29,"href":"https:\/\/csepelcsapszek.hu\/index.php\/wp-json\/wp\/v2\/pages\/721\/revisions"}],"predecessor-version":[{"id":2544,"href":"https:\/\/csepelcsapszek.hu\/index.php\/wp-json\/wp\/v2\/pages\/721\/revisions\/2544"}],"wp:attachment":[{"href":"https:\/\/csepelcsapszek.hu\/index.php\/wp-json\/wp\/v2\/media?parent=721"}],"curies":[{"name":"wp","href":"https:\/\/api.w.org\/{rel}","templated":true}]}}