{"id":561,"date":"2022-04-02T04:21:47","date_gmt":"2022-04-02T04:21:47","guid":{"rendered":"https:\/\/bslthemes.com\/kaffen\/?page_id=561"},"modified":"2024-11-09T19:12:30","modified_gmt":"2024-11-09T17:12:30","slug":"kinalatunk","status":"publish","type":"page","link":"https:\/\/csepelcsapszek.hu\/index.php\/kinalatunk\/","title":{"rendered":"K\u00edn\u00e1latunk"},"content":{"rendered":"\t\t<div data-elementor-type=\"wp-page\" data-elementor-id=\"561\" class=\"elementor elementor-561\" data-elementor-post-type=\"page\">\n\t\t\t\t\t\t<section class=\"elementor-section elementor-top-section elementor-element elementor-element-18b6ac2 elementor-section-full_width elementor-section-height-default elementor-section-height-default\" data-id=\"18b6ac2\" data-element_type=\"section\">\n\t\t\t\t\t\t<div class=\"elementor-container elementor-column-gap-no\">\n\t\t\t\t\t<div class=\"elementor-column elementor-col-100 elementor-top-column elementor-element elementor-element-4f3d4ad\" data-id=\"4f3d4ad\" data-element_type=\"column\">\n\t\t\t<div class=\"elementor-widget-wrap\">\n\t\t\t\t\t\t\t<\/div>\n\t\t<\/div>\n\t\t\t\t\t<\/div>\n\t\t<\/section>\n\t\t\t\t<section class=\"elementor-section elementor-top-section elementor-element elementor-element-42f994d elementor-section-full_width elementor-section-height-default elementor-section-height-default\" data-id=\"42f994d\" data-element_type=\"section\" data-settings=\"{&quot;background_background&quot;:&quot;classic&quot;}\">\n\t\t\t\t\t\t<div class=\"elementor-container elementor-column-gap-no\">\n\t\t\t\t\t<div class=\"elementor-column elementor-col-100 elementor-top-column elementor-element elementor-element-b177403\" data-id=\"b177403\" data-element_type=\"column\">\n\t\t\t<div class=\"elementor-widget-wrap elementor-element-populated\">\n\t\t\t\t\t\t<div class=\"elementor-element elementor-element-b1aac5c elementor-widget__width-inherit elementor-widget elementor-widget-kaffen-started\" data-id=\"b1aac5c\" data-element_type=\"widget\" data-widget_type=\"kaffen-started.default\">\n\t\t\t\t<div class=\"elementor-widget-container\">\n\t\t\t\t\t\n    <!-- Section Started Inner -->\n    <section class=\"section kf-started-inner\">\n      <div class=\"kf-parallax-bg\" style=\"background-image: url('https:\/\/csepelcsapszek.hu\/wp-content\/uploads\/2023\/04\/kinalat_01_b.png');\"><\/div>\n\t  <div class=\"container\">\n                <h1 class=\"kf-h-title text-anim-1 scroll-animate\" data-splitting=\"chars\" data-animate=\"active\">\n          <span >\n            K\u00edn\u00e1latunk:<br>S\u00f6rre bor,<br>Mindenkor!          <\/span>\n        <\/h1>\n        \n\t\t\t\t<ul class=\"kf-breadcrumbs\"><li><a href=\"https:\/\/csepelcsapszek.hu\" title=\"Csepel Csapsz\u00e9k\">Home<\/a><\/li><li class=\"tst-active\"><a><\/a><\/li><\/ul>      <\/div>\n    <\/section>\n\n\t\t\t\t\t\t<\/div>\n\t\t\t\t<\/div>\n\t\t\t\t<div class=\"elementor-element elementor-element-7bd1048 elementor-widget__width-initial elementor-widget elementor-widget-kaffen-restaurant-menu-grid\" data-id=\"7bd1048\" data-element_type=\"widget\" data-widget_type=\"kaffen-restaurant-menu-grid.default\">\n\t\t\t\t<div class=\"elementor-widget-container\">\n\t\t\t\t\t\n\t\t<!-- Section Menu -->\n\t\t<section class=\"section kf-menu\">\n\t\t\t<div class=\"container\">\n\n\t\t\t\t\n\t\t\t\t\n\t\t\t\t\t\t\t\t<div class=\"kf-menu-items\">\n\t\t\t\t\t<div class=\"row\">\n\t\t\t\t\t\t\t\t\t\t\t\t<div class=\"col-xs-12 col-sm-12 col-md-12 col-lg-6 \">\n\t\t\t\t\t\t\t\n\n<!-- menu item -->\n<div class=\"kf-menu-item element-anim-1 scroll-animate\" data-animate=\"active\">\n\t\t<div class=\"image kf-image-hover\">\n\t\t<a href=\"https:\/\/csepelcsapszek.hu\/wp-content\/uploads\/2023\/08\/IMG_20230609_111643-1920x4268.jpg\" data-elementor-open-lightbox=\"yes\" data-elementor-lightbox-title=\"Bp Meggy s\u00f6r\"><img decoding=\"async\" src=\"https:\/\/csepelcsapszek.hu\/wp-content\/uploads\/2023\/08\/IMG_20230609_111643-scaled-e1691700319882.jpg\" alt=\"Bp Meggy s\u00f6r\" \/><\/a>\n\t<\/div>\n\t\t<div class=\"desc\">\n\t\t<h5 class=\"name\">Bp Meggy s\u00f6r<\/h5>\n\t\t\t\t<div class=\"subname\">\n\t\t\tA csajosnak mondott meggy s\u00f6r, melynek kostol\u00e1sa ut\u00e1n az urak is rendszeresen mondj\u00e1k: \"De h\u00e1t ez finom, \u00e9n is ezt k\u00e9rek!\"\t\t<\/div>\n\t\t\t\t\t<\/div>\n<\/div>\n<!-- menu item end -->\n\t\t\t\t\t\t<\/div>\n\t\t\t\t\t\t\t\t\t\t\t\t<div class=\"col-xs-12 col-sm-12 col-md-12 col-lg-6 \">\n\t\t\t\t\t\t\t\n\n<!-- menu item -->\n<div class=\"kf-menu-item element-anim-1 scroll-animate\" data-animate=\"active\">\n\t\t<div class=\"image kf-image-hover\">\n\t\t<a href=\"https:\/\/csepelcsapszek.hu\/wp-content\/uploads\/2023\/08\/IMG_20230609_111714-1920x4268.jpg\" data-elementor-open-lightbox=\"yes\" data-elementor-lightbox-title=\"Bp IPA\"><img decoding=\"async\" src=\"https:\/\/csepelcsapszek.hu\/wp-content\/uploads\/2023\/08\/IMG_20230609_111714-scaled-e1691700816402.jpg\" alt=\"Bp IPA\" \/><\/a>\n\t<\/div>\n\t\t<div class=\"desc\">\n\t\t<h5 class=\"name\">Bp IPA<\/h5>\n\t\t\t\t<div class=\"subname\">\n\t\t\tIPA azaz India Pale Ale. Ez a s\u00f6rfajta m\u00e1ra igen kedvelt lett a s\u00f6rvil\u00e1gban, \u00e9s n\u00e1lunk is folyamatosan csapon van.\t\t<\/div>\n\t\t\t\t\t<\/div>\n<\/div>\n<!-- menu item end -->\n\t\t\t\t\t\t<\/div>\n\t\t\t\t\t\t\t\t\t\t\t\t<div class=\"col-xs-12 col-sm-12 col-md-12 col-lg-6 \">\n\t\t\t\t\t\t\t\n\n<!-- menu item -->\n<div class=\"kf-menu-item element-anim-1 scroll-animate\" data-animate=\"active\">\n\t\t<div class=\"image kf-image-hover\">\n\t\t<a href=\"https:\/\/csepelcsapszek.hu\/wp-content\/uploads\/2022\/03\/IMG_20230818_170514-1920x4268.jpg\" data-elementor-open-lightbox=\"yes\" data-elementor-lightbox-title=\"Bp Lager\"><img decoding=\"async\" src=\"https:\/\/csepelcsapszek.hu\/wp-content\/uploads\/2022\/03\/IMG_20230818_170514-scaled-e1692426454191.jpg\" alt=\"Bp Lager\" \/><\/a>\n\t<\/div>\n\t\t<div class=\"desc\">\n\t\t<h5 class=\"name\">Bp Lager<\/h5>\n\t\t\t\t<div class=\"subname\">\n\t\t\tA Lager egy als\u00f3 erjeszt\u00e9s\u0171 s\u00f6r t\u00edpus, melyet alacsony h\u0151m\u00e9rs\u00e9kleten t\u00e1rolnak, ekkor \u00fclepedik \u00e9s tisztul a s\u00f6r.  A legn\u00e9pszer\u0171bb s\u00f6rt\u00edpus a vil\u00e1gon. \t\t<\/div>\n\t\t\t\t\t<\/div>\n<\/div>\n<!-- menu item end -->\n\t\t\t\t\t\t<\/div>\n\t\t\t\t\t\t\t\t\t\t\t\t<div class=\"col-xs-12 col-sm-12 col-md-12 col-lg-6 \">\n\t\t\t\t\t\t\t\n\n<!-- menu item -->\n<div class=\"kf-menu-item element-anim-1 scroll-animate\" data-animate=\"active\">\n\t\t<div class=\"image kf-image-hover\">\n\t\t<a href=\"https:\/\/csepelcsapszek.hu\/wp-content\/uploads\/2022\/04\/IMG_0288.jpg\" data-elementor-open-lightbox=\"yes\" data-elementor-lightbox-title=\"Aperol Spritz\"><img decoding=\"async\" src=\"https:\/\/csepelcsapszek.hu\/wp-content\/uploads\/2022\/04\/IMG_0288.jpg\" alt=\"Aperol Spritz\" \/><\/a>\n\t<\/div>\n\t\t<div class=\"desc\">\n\t\t<h5 class=\"name\">Aperol Spritz<\/h5>\n\t\t\t\t<div class=\"subname\">\n\t\t\tAperol, prosecco \u00e9s sz\u00f3da csod\u00e1latos kever\u00e9ke, igaz\u00e1n kedvelt ny\u00e1ri ital.\t\t<\/div>\n\t\t\t\t\t<\/div>\n<\/div>\n<!-- menu item end -->\n\t\t\t\t\t\t<\/div>\n\t\t\t\t\t\t\t\t\t\t\t\t<div class=\"col-xs-12 col-sm-12 col-md-12 col-lg-6 \">\n\t\t\t\t\t\t\t\n\n<!-- menu item -->\n<div class=\"kf-menu-item element-anim-1 scroll-animate\" data-animate=\"active\">\n\t\t<div class=\"image kf-image-hover\">\n\t\t<a href=\"https:\/\/csepelcsapszek.hu\/wp-content\/uploads\/2023\/08\/15-09-26-RalfR-WLC-0059-e1692472648147.jpg\" data-elementor-open-lightbox=\"yes\" data-elementor-lightbox-title=\"Hugo\"><img decoding=\"async\" src=\"https:\/\/csepelcsapszek.hu\/wp-content\/uploads\/2023\/08\/15-09-26-RalfR-WLC-0059-e1692472648147.jpg\" alt=\"Hugo\" \/><\/a>\n\t<\/div>\n\t\t<div class=\"desc\">\n\t\t<h5 class=\"name\">Hugo<\/h5>\n\t\t\t\t<div class=\"subname\">\n\t\t\tA Hugo kokt\u00e9l egy Prosecco, bodzaszirup, menta \u00e9s sz\u00f3dav\u00edz felhaszn\u00e1l\u00e1s\u00e1val k\u00e9sz\u00fclt fr\u00f6ccs kokt\u00e9l Az italt a klasszikus Aperol spricc alternat\u00edv\u00e1jak\u00e9nt tartjuk sz\u00e1mon \u00e9s egyre kedveltebb.\t\t<\/div>\n\t\t\t\t\t<\/div>\n<\/div>\n<!-- menu item end -->\n\t\t\t\t\t\t<\/div>\n\t\t\t\t\t\t\t\t\t\t\t\t<div class=\"col-xs-12 col-sm-12 col-md-12 col-lg-6 \">\n\t\t\t\t\t\t\t\n\n<!-- menu item -->\n<div class=\"kf-menu-item element-anim-1 scroll-animate\" data-animate=\"active\">\n\t\t<div class=\"image kf-image-hover\">\n\t\t<a href=\"https:\/\/csepelcsapszek.hu\/wp-content\/uploads\/2023\/08\/IMG_20230818_172508-1920x4268.jpg\" data-elementor-open-lightbox=\"yes\" data-elementor-lightbox-title=\"Limon\u00e1d\u00e9\"><img decoding=\"async\" src=\"https:\/\/csepelcsapszek.hu\/wp-content\/uploads\/2023\/08\/IMG_20230818_172508-scaled-e1693059746824.jpg\" alt=\"Limon\u00e1d\u00e9\" \/><\/a>\n\t<\/div>\n\t\t<div class=\"desc\">\n\t\t<h5 class=\"name\">Limon\u00e1d\u00e9<\/h5>\n\t\t\t\t<div class=\"subname\">\n\t\t\tJ\u00e9ghideg, gy\u00fcm\u00f6lcs\u00f6s, igaz\u00e1n friss\u00edt\u0151 limon\u00e1d\u00e9!\t\t<\/div>\n\t\t\t\t\t<\/div>\n<\/div>\n<!-- menu item end -->\n\t\t\t\t\t\t<\/div>\n\t\t\t\t\t\t\t\t\t\t\t<\/div>\n\t\t\t\t<\/div>\n\n\t\t\t\t\n\t\t\t\t\t\t\t\t\n\t\t\t<\/div>\n\t\t<\/section>\n\n\t\t\t\t\t\t<\/div>\n\t\t\t\t<\/div>\n\t\t\t\t\t<\/div>\n\t\t<\/div>\n\t\t\t\t\t<\/div>\n\t\t<\/section>\n\t\t\t\t<\/div>\n\t\t","protected":false},"excerpt":{"rendered":"<p>K\u00edn\u00e1latunk:S\u00f6rre bor,Mindenkor! Home Bp Meggy s\u00f6r A csajosnak mondott meggy s\u00f6r, melynek kostol\u00e1sa ut\u00e1n az urak is rendszeresen mondj\u00e1k: &#8220;De h\u00e1t ez finom, \u00e9n is ezt k\u00e9rek!&#8221; Bp IPA IPA azaz India Pale Ale. Ez a s\u00f6rfajta m\u00e1ra igen kedvelt lett a s\u00f6rvil\u00e1gban, \u00e9s&#8230; <\/p>\n<div class=\"readmore\"><a href=\"https:\/\/csepelcsapszek.hu\/index.php\/restaurant\/item\/limonade\/\" class=\"kf-btn-link\"><span>Read more<\/span> <i class=\"fas fa-chevron-right\"><\/i><\/a><\/div>\n","protected":false},"author":1,"featured_media":0,"parent":0,"menu_order":0,"comment_status":"closed","ping_status":"closed","template":"template-layout-builder.php","meta":{"footnotes":""},"class_list":["post-561","page","type-page","status-publish","hentry"],"acf":[],"_links":{"self":[{"href":"https:\/\/csepelcsapszek.hu\/index.php\/wp-json\/wp\/v2\/pages\/561","targetHints":{"allow":["GET"]}}],"collection":[{"href":"https:\/\/csepelcsapszek.hu\/index.php\/wp-json\/wp\/v2\/pages"}],"about":[{"href":"https:\/\/csepelcsapszek.hu\/index.php\/wp-json\/wp\/v2\/types\/page"}],"author":[{"embeddable":true,"href":"https:\/\/csepelcsapszek.hu\/index.php\/wp-json\/wp\/v2\/users\/1"}],"replies":[{"embeddable":true,"href":"https:\/\/csepelcsapszek.hu\/index.php\/wp-json\/wp\/v2\/comments?post=561"}],"version-history":[{"count":50,"href":"https:\/\/csepelcsapszek.hu\/index.php\/wp-json\/wp\/v2\/pages\/561\/revisions"}],"predecessor-version":[{"id":2534,"href":"https:\/\/csepelcsapszek.hu\/index.php\/wp-json\/wp\/v2\/pages\/561\/revisions\/2534"}],"wp:attachment":[{"href":"https:\/\/csepelcsapszek.hu\/index.php\/wp-json\/wp\/v2\/media?parent=561"}],"curies":[{"name":"wp","href":"https:\/\/api.w.org\/{rel}","templated":true}]}}