{"id":426,"date":"2024-10-19T20:21:34","date_gmt":"2024-10-19T18:21:34","guid":{"rendered":"https:\/\/bslthemes.com\/kaffen\/?page_id=426"},"modified":"2024-10-27T21:45:31","modified_gmt":"2024-10-27T19:45:31","slug":"kisszek","status":"publish","type":"page","link":"https:\/\/csepelcsapszek.hu\/index.php\/kisszek\/","title":{"rendered":"Kissz\u00e9k"},"content":{"rendered":"\t\t<div data-elementor-type=\"wp-page\" data-elementor-id=\"426\" class=\"elementor elementor-426\" data-elementor-post-type=\"page\">\n\t\t\t\t\t\t<section class=\"elementor-section elementor-top-section elementor-element elementor-element-a304299 elementor-section-full_width elementor-section-height-default elementor-section-height-default\" data-id=\"a304299\" data-element_type=\"section\" data-settings=\"{&quot;background_background&quot;:&quot;classic&quot;}\">\n\t\t\t\t\t\t<div class=\"elementor-container elementor-column-gap-no\">\n\t\t\t\t\t<div class=\"elementor-column elementor-col-100 elementor-top-column elementor-element elementor-element-21dac9d\" data-id=\"21dac9d\" data-element_type=\"column\">\n\t\t\t<div class=\"elementor-widget-wrap elementor-element-populated\">\n\t\t\t\t\t\t<div class=\"elementor-element elementor-element-980a31b elementor-widget elementor-widget-kaffen-started\" data-id=\"980a31b\" data-element_type=\"widget\" data-widget_type=\"kaffen-started.default\">\n\t\t\t\t<div class=\"elementor-widget-container\">\n\t\t\t\t\t\n    <!-- Section Started Inner -->\n    <section class=\"section kf-started-inner\">\n      <div class=\"kf-parallax-bg js-parallax\" style=\"background-image: url('https:\/\/csepelcsapszek.hu\/wp-content\/uploads\/2024\/10\/IMG_20241018_092450-scaled.jpg');\"><\/div>\n\t  <div class=\"container\">\n                <h1 class=\"kf-h-title text-anim-1 scroll-animate\" data-splitting=\"chars\" data-animate=\"active\">\n          <span >\n            A Kissz\u00e9k          <\/span>\n        <\/h1>\n        \n\t\t\t\t<ul class=\"kf-breadcrumbs\"><li><a href=\"https:\/\/csepelcsapszek.hu\" title=\"Csepel Csapsz\u00e9k\">Home<\/a><\/li><li class=\"tst-active\"><a><\/a><\/li><\/ul>      <\/div>\n    <\/section>\n\n\t\t\t\t\t\t<\/div>\n\t\t\t\t<\/div>\n\t\t\t\t\t<\/div>\n\t\t<\/div>\n\t\t\t\t\t<\/div>\n\t\t<\/section>\n\t\t\t\t<section class=\"elementor-section elementor-top-section elementor-element elementor-element-ba2aaa1 elementor-section-boxed elementor-section-height-default elementor-section-height-default\" data-id=\"ba2aaa1\" data-element_type=\"section\">\n\t\t\t\t\t\t<div class=\"elementor-container elementor-column-gap-narrow\">\n\t\t\t\t\t<div class=\"elementor-column elementor-col-100 elementor-top-column elementor-element elementor-element-1eccc4a\" data-id=\"1eccc4a\" data-element_type=\"column\">\n\t\t\t<div class=\"elementor-widget-wrap elementor-element-populated\">\n\t\t\t\t\t\t<div class=\"elementor-element elementor-element-e4b97ae elementor-widget elementor-widget-text-editor\" data-id=\"e4b97ae\" data-element_type=\"widget\" data-widget_type=\"text-editor.default\">\n\t\t\t\t<div class=\"elementor-widget-container\">\n\t\t\t\t\t\t\t\t\t<h3>B\u00e9relhet\u0151 s\u00f6rcsap.<\/h3><h4>Ha a teheraut\u00f3nk nem f\u00e9r el rendezv\u00e9nyeden, akkor is tudunk seg\u00edteni vend\u00e9geid st\u00edlusos kiszolg\u00e1l\u00e1s\u00e1ban!\u00a0 \u00a0Biztos\u00edtunk s\u00f6rt, s\u00f6rcsapot, \u00e9s egy egyedi megjelen\u00e9st.<\/h4>\t\t\t\t\t\t\t\t<\/div>\n\t\t\t\t<\/div>\n\t\t\t\t<section class=\"elementor-section elementor-inner-section elementor-element elementor-element-30983e0 elementor-section-boxed elementor-section-height-default elementor-section-height-default\" data-id=\"30983e0\" data-element_type=\"section\">\n\t\t\t\t\t\t<div class=\"elementor-container elementor-column-gap-default\">\n\t\t\t\t\t<div class=\"elementor-column elementor-col-50 elementor-inner-column elementor-element elementor-element-773e305\" data-id=\"773e305\" data-element_type=\"column\">\n\t\t\t<div class=\"elementor-widget-wrap elementor-element-populated\">\n\t\t\t\t\t\t<div class=\"elementor-element elementor-element-f75a322 elementor-widget elementor-widget-image\" data-id=\"f75a322\" data-element_type=\"widget\" data-widget_type=\"image.default\">\n\t\t\t\t<div class=\"elementor-widget-container\">\n\t\t\t\t\t\t\t\t\t\t\t\t\t\t\t<img fetchpriority=\"high\" decoding=\"async\" width=\"900\" height=\"900\" src=\"https:\/\/csepelcsapszek.hu\/wp-content\/uploads\/2024\/10\/IMG_20241010_151311-900x900.jpg\" class=\"attachment-kaffen_900x900 size-kaffen_900x900 wp-image-2493\" alt=\"B\u00e9relhet\u0151 s\u00f6rcsap szemb\u0151l n\u00e9zve\" srcset=\"https:\/\/csepelcsapszek.hu\/wp-content\/uploads\/2024\/10\/IMG_20241010_151311-900x900.jpg 900w, https:\/\/csepelcsapszek.hu\/wp-content\/uploads\/2024\/10\/IMG_20241010_151311-150x150.jpg 150w, https:\/\/csepelcsapszek.hu\/wp-content\/uploads\/2024\/10\/IMG_20241010_151311-800x800.jpg 800w\" sizes=\"(max-width: 900px) 100vw, 900px\" \/>\t\t\t\t\t\t\t\t\t\t\t\t\t\t\t<\/div>\n\t\t\t\t<\/div>\n\t\t\t\t\t<\/div>\n\t\t<\/div>\n\t\t\t\t<div class=\"elementor-column elementor-col-50 elementor-inner-column elementor-element elementor-element-6eb7312\" data-id=\"6eb7312\" data-element_type=\"column\">\n\t\t\t<div class=\"elementor-widget-wrap elementor-element-populated\">\n\t\t\t\t\t\t<div class=\"elementor-element elementor-element-0fabddf elementor-widget elementor-widget-text-editor\" data-id=\"0fabddf\" data-element_type=\"widget\" data-widget_type=\"text-editor.default\">\n\t\t\t\t<div class=\"elementor-widget-container\">\n\t\t\t\t\t\t\t\t\t<h4>\u00a0<\/h4>\n<h4>\u00a0<\/h4>\n<h4>S\u00f6rpultunk igazi unikum a b\u00e9relhet\u0151 s\u00f6rcsapok k\u00f6zt, egyedi st\u00edlusa a Csepel teheraut\u00f3nk \u00fczemanyag tart\u00e1ly\u00e1b\u00f3l k\u00e9sz\u00fclt csaptoronynak k\u00f6sz\u00f6nhet\u0151.\u00a0<\/h4>\t\t\t\t\t\t\t\t<\/div>\n\t\t\t\t<\/div>\n\t\t\t\t\t<\/div>\n\t\t<\/div>\n\t\t\t\t\t<\/div>\n\t\t<\/section>\n\t\t\t\t<section class=\"elementor-section elementor-inner-section elementor-element elementor-element-bc683c2 elementor-section-boxed elementor-section-height-default elementor-section-height-default\" data-id=\"bc683c2\" data-element_type=\"section\">\n\t\t\t\t\t\t<div class=\"elementor-container elementor-column-gap-default\">\n\t\t\t\t\t<div class=\"elementor-column elementor-col-50 elementor-inner-column elementor-element elementor-element-8718748\" data-id=\"8718748\" data-element_type=\"column\">\n\t\t\t<div class=\"elementor-widget-wrap elementor-element-populated\">\n\t\t\t\t\t\t<div class=\"elementor-element elementor-element-df85139 elementor-widget elementor-widget-text-editor\" data-id=\"df85139\" data-element_type=\"widget\" data-widget_type=\"text-editor.default\">\n\t\t\t\t<div class=\"elementor-widget-container\">\n\t\t\t\t\t\t\t\t\t<h4>\u00a0<\/h4>\n<h4>\u00a0<\/h4>\n<h4>\u00a0<\/h4>\n<h4>Csaptornyon egyszerre k\u00e9t f\u00e9le s\u00f6r, vagy egy\u00e9b ital csapolhat\u00f3.\u00a0 A garant\u00e1ltan j\u00f3l h\u0171t\u00f6tt\u00a0 italokra a t\u00edz literes j\u00e9gbank a garancia<\/h4>\t\t\t\t\t\t\t\t<\/div>\n\t\t\t\t<\/div>\n\t\t\t\t\t<\/div>\n\t\t<\/div>\n\t\t\t\t<div class=\"elementor-column elementor-col-50 elementor-inner-column elementor-element elementor-element-753cba8\" data-id=\"753cba8\" data-element_type=\"column\">\n\t\t\t<div class=\"elementor-widget-wrap elementor-element-populated\">\n\t\t\t\t\t\t<div class=\"elementor-element elementor-element-576c21d elementor-widget elementor-widget-image\" data-id=\"576c21d\" data-element_type=\"widget\" data-widget_type=\"image.default\">\n\t\t\t\t<div class=\"elementor-widget-container\">\n\t\t\t\t\t\t\t\t\t\t\t\t\t\t\t<img decoding=\"async\" width=\"900\" height=\"900\" src=\"https:\/\/csepelcsapszek.hu\/wp-content\/uploads\/2024\/10\/IMG_20241018_092519-900x900.jpg\" class=\"attachment-kaffen_900x900 size-kaffen_900x900 wp-image-2495\" alt=\"S\u00f6rcsap b\u00e9relhet\u0151, 2 s\u00f6r csapol\u00e1s\u00e1hoz\" srcset=\"https:\/\/csepelcsapszek.hu\/wp-content\/uploads\/2024\/10\/IMG_20241018_092519-900x900.jpg 900w, https:\/\/csepelcsapszek.hu\/wp-content\/uploads\/2024\/10\/IMG_20241018_092519-150x150.jpg 150w, https:\/\/csepelcsapszek.hu\/wp-content\/uploads\/2024\/10\/IMG_20241018_092519-800x800.jpg 800w\" sizes=\"(max-width: 900px) 100vw, 900px\" \/>\t\t\t\t\t\t\t\t\t\t\t\t\t\t\t<\/div>\n\t\t\t\t<\/div>\n\t\t\t\t\t<\/div>\n\t\t<\/div>\n\t\t\t\t\t<\/div>\n\t\t<\/section>\n\t\t\t\t<div class=\"elementor-element elementor-element-af1cbb4 elementor-widget elementor-widget-text-editor\" data-id=\"af1cbb4\" data-element_type=\"widget\" data-widget_type=\"text-editor.default\">\n\t\t\t\t<div class=\"elementor-widget-container\">\n\t\t\t\t\t\t\t\t\t<h4>B\u00e9rl\u00e9se a s\u00f6r\u00f6k n\u00e1lunk t\u00f6rt\u00e9n\u0151 megv\u00e1s\u00e1rl\u00e1sa eset\u00e9n ingyenes.&nbsp; &nbsp;Aj\u00e1nl\u00e1saink a Budapest s\u00f6r kis\u00fczemi s\u00f6rei, de term\u00e9szetesen a legt\u00f6bb ismert s\u00f6rm\u00e1rk\u00e1t tudjuk biztos\u00edtani, ak\u00e1r alkoholmentes italokat vagy alkoholmentes s\u00f6r\u00f6ket is!<\/h4>\n<h4>Hord\u00f3s s\u00f6r aj\u00e1nlatunk:<\/h4>\n<h6>Budapest s\u00f6r L\u00e1ger&nbsp; &nbsp; &nbsp; &nbsp; &nbsp;20l&nbsp; &nbsp; 29,000.- Ft&nbsp;&nbsp;<\/h6>\n<h6>Budapest s\u00f6r Meggyes&nbsp; &nbsp; 20l&nbsp; &nbsp; 32,000.- Ft&nbsp;&nbsp;<\/h6>\t\t\t\t\t\t\t\t<\/div>\n\t\t\t\t<\/div>\n\t\t\t\t\t<\/div>\n\t\t<\/div>\n\t\t\t\t\t<\/div>\n\t\t<\/section>\n\t\t\t\t<\/div>\n\t\t","protected":false},"excerpt":{"rendered":"<p>A Kissz\u00e9k Home B\u00e9relhet\u0151 s\u00f6rcsap. Ha a teheraut\u00f3nk nem f\u00e9r el rendezv\u00e9nyeden, akkor is tudunk seg\u00edteni vend\u00e9geid st\u00edlusos kiszolg\u00e1l\u00e1s\u00e1ban!\u00a0 \u00a0Biztos\u00edtunk s\u00f6rt, s\u00f6rcsapot, \u00e9s egy egyedi megjelen\u00e9st. \u00a0 \u00a0 S\u00f6rpultunk igazi unikum a b\u00e9relhet\u0151 s\u00f6rcsapok k\u00f6zt, egyedi st\u00edlusa a Csepel teheraut\u00f3nk \u00fczemanyag tart\u00e1ly\u00e1b\u00f3l k\u00e9sz\u00fclt csaptoronynak&#8230; <\/p>\n<div class=\"readmore\"><a href=\"https:\/\/csepelcsapszek.hu\/index.php\/kisszek\/\" class=\"kf-btn-link\"><span>Read more<\/span> <i class=\"fas fa-chevron-right\"><\/i><\/a><\/div>\n","protected":false},"author":1,"featured_media":0,"parent":0,"menu_order":0,"comment_status":"closed","ping_status":"closed","template":"elementor_header_footer","meta":{"footnotes":""},"class_list":["post-426","page","type-page","status-publish","hentry"],"acf":[],"_links":{"self":[{"href":"https:\/\/csepelcsapszek.hu\/index.php\/wp-json\/wp\/v2\/pages\/426","targetHints":{"allow":["GET"]}}],"collection":[{"href":"https:\/\/csepelcsapszek.hu\/index.php\/wp-json\/wp\/v2\/pages"}],"about":[{"href":"https:\/\/csepelcsapszek.hu\/index.php\/wp-json\/wp\/v2\/types\/page"}],"author":[{"embeddable":true,"href":"https:\/\/csepelcsapszek.hu\/index.php\/wp-json\/wp\/v2\/users\/1"}],"replies":[{"embeddable":true,"href":"https:\/\/csepelcsapszek.hu\/index.php\/wp-json\/wp\/v2\/comments?post=426"}],"version-history":[{"count":84,"href":"https:\/\/csepelcsapszek.hu\/index.php\/wp-json\/wp\/v2\/pages\/426\/revisions"}],"predecessor-version":[{"id":2525,"href":"https:\/\/csepelcsapszek.hu\/index.php\/wp-json\/wp\/v2\/pages\/426\/revisions\/2525"}],"wp:attachment":[{"href":"https:\/\/csepelcsapszek.hu\/index.php\/wp-json\/wp\/v2\/media?parent=426"}],"curies":[{"name":"wp","href":"https:\/\/api.w.org\/{rel}","templated":true}]}}