{"id":268,"date":"2022-03-26T20:47:35","date_gmt":"2022-03-26T20:47:35","guid":{"rendered":"https:\/\/bslthemes.com\/kaffen\/?page_id=268"},"modified":"2024-10-13T10:38:47","modified_gmt":"2024-10-13T08:38:47","slug":"about","status":"publish","type":"page","link":"https:\/\/csepelcsapszek.hu\/index.php\/about\/","title":{"rendered":"Csapsz\u00e9k\u00fcnk"},"content":{"rendered":"\t\t<div data-elementor-type=\"wp-page\" data-elementor-id=\"268\" class=\"elementor elementor-268\" data-elementor-post-type=\"page\">\n\t\t\t\t\t\t<section class=\"elementor-section elementor-top-section elementor-element elementor-element-5b0370f elementor-section-full_width elementor-section-height-default elementor-section-height-default\" data-id=\"5b0370f\" data-element_type=\"section\">\n\t\t\t\t\t\t<div class=\"elementor-container elementor-column-gap-no\">\n\t\t\t\t\t<div class=\"elementor-column elementor-col-100 elementor-top-column elementor-element elementor-element-6dcf525\" data-id=\"6dcf525\" data-element_type=\"column\">\n\t\t\t<div class=\"elementor-widget-wrap elementor-element-populated\">\n\t\t\t\t\t\t\t<\/div>\n\t\t<\/div>\n\t\t\t\t\t<\/div>\n\t\t<\/section>\n\t\t\t\t<section class=\"elementor-section elementor-top-section elementor-element elementor-element-6c0d832 elementor-section-full_width elementor-section-height-default elementor-section-height-default\" data-id=\"6c0d832\" data-element_type=\"section\">\n\t\t\t\t\t\t<div class=\"elementor-container elementor-column-gap-no\">\n\t\t\t\t\t<div class=\"elementor-column elementor-col-100 elementor-top-column elementor-element elementor-element-ea5bc08\" data-id=\"ea5bc08\" data-element_type=\"column\">\n\t\t\t<div class=\"elementor-widget-wrap elementor-element-populated\">\n\t\t\t\t\t\t<div class=\"elementor-element elementor-element-825d744 elementor-widget elementor-widget-kaffen-started\" data-id=\"825d744\" data-element_type=\"widget\" data-widget_type=\"kaffen-started.default\">\n\t\t\t\t<div class=\"elementor-widget-container\">\n\t\t\t\t\t\n    <!-- Section Started Inner -->\n    <section class=\"section kf-started-inner\">\n      <div class=\"kf-parallax-bg js-parallax\" style=\"background-image: url('https:\/\/csepelcsapszek.hu\/wp-content\/uploads\/2024\/07\/ZIXY4443-scaled.jpg');\"><\/div>\n\t  <div class=\"container\">\n                <h1 class=\"kf-h-title text-anim-1 scroll-animate\" data-splitting=\"chars\" data-animate=\"active\">\n          <span >\n            Csapsz\u00e9k\u00fcnk          <\/span>\n        <\/h1>\n        \n\t\t\t\t      <\/div>\n    <\/section>\n\n\t\t\t\t\t\t<\/div>\n\t\t\t\t<\/div>\n\t\t\t\t\t<\/div>\n\t\t<\/div>\n\t\t\t\t\t<\/div>\n\t\t<\/section>\n\t\t\t\t<section class=\"elementor-section elementor-top-section elementor-element elementor-element-bdeea25 elementor-section-boxed elementor-section-height-default elementor-section-height-default\" data-id=\"bdeea25\" data-element_type=\"section\">\n\t\t\t\t\t\t<div class=\"elementor-container elementor-column-gap-default\">\n\t\t\t\t\t<div class=\"elementor-column elementor-col-100 elementor-top-column elementor-element elementor-element-ed18ac5\" data-id=\"ed18ac5\" data-element_type=\"column\">\n\t\t\t<div class=\"elementor-widget-wrap elementor-element-populated\">\n\t\t\t\t\t\t<div class=\"elementor-element elementor-element-c4f9e76 elementor-widget elementor-widget-text-editor\" data-id=\"c4f9e76\" data-element_type=\"widget\" data-widget_type=\"text-editor.default\">\n\t\t\t\t<div class=\"elementor-widget-container\">\n\t\t\t\t\t\t\t\t\t<h4>Egy Csepel D344 teheraut\u00f3 \u00e1ltal hordozott b\u00e1r,&nbsp; mely els\u0151 pillant\u00e1sra egy s\u00f6r\u00f6z\u0151,&nbsp; de ez ann\u00e1l sokkal t\u00f6bb!<\/h4>\n<h4>Teheraut\u00f3nk saj\u00e1t &#8220;l\u00e1b\u00e1n&#8221; gurul el a megrendel\u0151 \u00e1ltal k\u00e9rt ter\u00fcletre ahol ak\u00e1r k\u00fcls\u0151 \u00e1ramforr\u00e1s n\u00e9lk\u00fcl ny\u00fajtjuk teljesk\u00f6r\u0171 italszolg\u00e1ltat\u00e1sunkat.<\/h4>\t\t\t\t\t\t\t\t<\/div>\n\t\t\t\t<\/div>\n\t\t\t\t\t<\/div>\n\t\t<\/div>\n\t\t\t\t\t<\/div>\n\t\t<\/section>\n\t\t\t\t<section class=\"elementor-section elementor-top-section elementor-element elementor-element-e7e51ed elementor-section-full_width elementor-section-height-default elementor-section-height-default\" data-id=\"e7e51ed\" data-element_type=\"section\">\n\t\t\t\t\t\t<div class=\"elementor-container elementor-column-gap-no\">\n\t\t\t\t\t<div class=\"elementor-column elementor-col-100 elementor-top-column elementor-element elementor-element-3b279ff\" data-id=\"3b279ff\" data-element_type=\"column\">\n\t\t\t<div class=\"elementor-widget-wrap elementor-element-populated\">\n\t\t\t\t\t\t<div class=\"elementor-element elementor-element-c230a1e elementor-widget elementor-widget-kaffen-about-benefits\" data-id=\"c230a1e\" data-element_type=\"widget\" data-widget_type=\"kaffen-about-benefits.default\">\n\t\t\t\t<div class=\"elementor-widget-container\">\n\t\t\t\t\t\n    <!-- Section Choose -->\n    <section class=\"section kf-choose kf-choose-2\">\n      <div class=\"container\">\n        \n        <div class=\"row\">\n\t\t\t\t\t\n          <div class=\"col-xs-12 col-sm-12 col-md-12 col-lg-5 align-self-center\">\n                        <div class=\"kf-titles\">\n                            <div class=\"kf-subtitle element-anim-1 scroll-animate\" data-animate=\"active\">\n                <span >\n                  Min\u0151s\u00e9g az els\u0151!                <\/span>\n              <\/div>\n                                          <h3 class=\"kf-title element-anim-1 scroll-animate\" data-animate=\"active\">\n                <span >\n                  Legkorszer\u0171bb h\u0171t\u0151technika a egy t\u00f6bb mint \u00f6tven \u00e9ves magyar j\u00e1rm\u0171v\u00f6n!                <\/span>\n              <\/h3>\n                          <\/div>\n            \n                        <div class=\"kf-text element-anim-1 scroll-animate\" data-animate=\"active\">\n              <div >\n                <p><span style=\"vertical-align: inherit\"><span style=\"vertical-align: inherit\">Mi felk\u00e9sz\u00fclt\u00fcnk a legnagyobb h\u0151s\u00e9gre is, n\u00e1lunk mindig igaz\u00e1n hideg italok v\u00e1rnak!<\/span><\/span><\/p><p>A kilenc csapunkon mindenki megtal\u00e1lja sz\u00e1m\u00e1ra leg kedveltebb ital\u00e1t, de 4 fajta Coca-Cola term\u00e9ket, roz\u00e9 \u00e9s feh\u00e9r bort valamint prosecco-t is tartunk k\u00edn\u00e1latunkban.<\/p><p>\u00a0<\/p>              <\/div>\n            <\/div>\n            \n            \n                        <a href=\"https:\/\/csepelcsapszek.hu\/index.php\/kinalatunk\/\" class=\"kf-btn element-anim-1 scroll-animate\" data-animate=\"active\">\n              <span >\n                K\u00edn\u00e1latunk              <\/span>\n              <i class=\"fas fa-chevron-right\"><\/i>\n            <\/a>\n                      <\/div>\n\n\t\t\t\t\t<div class=\"col-xs-12 col-sm-12 col-md-12 col-lg-6 offset-lg-1\">\n                        <div class=\"kf-choose-image element-anim-1 scroll-animate\" data-animate=\"active\">\n              <img decoding=\"async\" src=\"https:\/\/csepelcsapszek.hu\/wp-content\/uploads\/2023\/08\/IMG_20230610_123121-scaled-e1691780627442-900x915.jpg\" alt=\"image\" \/>\n            <\/div>\n                      <\/div>\n\n\t\t\t\t\t\n        <\/div>\n\n      <\/div>\n    <\/section>\n\n\t\t\t\t\t\t<\/div>\n\t\t\t\t<\/div>\n\t\t\t\t\t<\/div>\n\t\t<\/div>\n\t\t\t\t\t<\/div>\n\t\t<\/section>\n\t\t\t\t<section class=\"elementor-section elementor-top-section elementor-element elementor-element-cf12063 elementor-section-full_width elementor-section-height-default elementor-section-height-default\" data-id=\"cf12063\" data-element_type=\"section\">\n\t\t\t\t\t\t<div class=\"elementor-container elementor-column-gap-no\">\n\t\t\t\t\t<div class=\"elementor-column elementor-col-100 elementor-top-column elementor-element elementor-element-210ca28\" data-id=\"210ca28\" data-element_type=\"column\">\n\t\t\t<div class=\"elementor-widget-wrap elementor-element-populated\">\n\t\t\t\t\t\t<div class=\"elementor-element elementor-element-ae7153f elementor-widget elementor-widget-kaffen-numbers2\" data-id=\"ae7153f\" data-element_type=\"widget\" data-widget_type=\"kaffen-numbers2.default\">\n\t\t\t\t<div class=\"elementor-widget-container\">\n\t\t\t\t\t\n\t\t<!-- Section Numbers-2 -->\n\t\t<section class=\"section kf-numbers-2 kf-js-numbers\">\n\t\t\t<div class=\"container\">\n\t\t\t\t\t\t\t\t<div class=\"kf-numbers-items-2 row\">\n\t\t\t\t\t\t\t\t\t\t<div class=\"col-xs-12 col-sm-12 col-md-6 col-lg-3\">\n\t\t\t\t\t\t<div class=\"kf-numbers-item-2 element-anim-1 scroll-animate\" data-animate=\"active\">\n\t\t\t\t\t\t\t\t\t\t\t\t\t\t<div class=\"icon\">\n\t\t\t\t\t\t\t\t<i aria-hidden=\"true\" class=\"las la-glass-martini-alt\"><\/i>\t\t\t\t\t\t\t<\/div>\n\t\t\t\t\t\t\t\t\t\t\t\t\t\t\t\t\t\t\t\t\t<div class=\"num kf-js-number\" data-end-value=\"68+\">\n\t\t\t\t\t\t\t\t<span >\n\t\t\t\t\t\t\t\t\t68+\t\t\t\t\t\t\t\t<\/span>\n\t\t\t\t\t\t\t<\/div>\n\t\t\t\t\t\t\t\t\t\t\t\t\t\t\t\t\t\t\t\t\t<div class=\"desc\">\n\t\t\t\t\t\t\t\t\t\t\t\t\t\t\t\t<h5 class=\"name\">\n\t\t\t\t\t\t\t\t\t<span >\n                    K\u00fcl\u00f6nf\u00e9le ital                  <\/span>\n\t\t\t\t\t\t\t\t<\/h5>\n\t\t\t\t\t\t\t\t\t\t\t\t\t\t\t\t\t\t\t\t\t\t\t\t<div class=\"subname\">\n\t\t\t\t\t\t\t\t\t<span >\n                    Mind\u00edg a megrendel\u0151 \nig\u00e9ny\u00e9nek megfelel\u0151en.                  <\/span>\n\t\t\t\t\t\t\t\t<\/div>\n\t\t\t\t\t\t\t\t\t\t\t\t\t\t\t<\/div>\n\t\t\t\t\t\t\t\t\t\t\t\t\t<\/div>\n\t\t\t\t\t<\/div>\n\t\t\t\t\t\t\t\t\t\t<div class=\"col-xs-12 col-sm-12 col-md-6 col-lg-3\">\n\t\t\t\t\t\t<div class=\"kf-numbers-item-2 element-anim-1 scroll-animate\" data-animate=\"active\">\n\t\t\t\t\t\t\t\t\t\t\t\t\t\t<div class=\"icon\">\n\t\t\t\t\t\t\t\t<i aria-hidden=\"true\" class=\"las la-birthday-cake\"><\/i>\t\t\t\t\t\t\t<\/div>\n\t\t\t\t\t\t\t\t\t\t\t\t\t\t\t\t\t\t\t\t\t<div class=\"num kf-js-number\" data-end-value=\"36+\">\n\t\t\t\t\t\t\t\t<span >\n\t\t\t\t\t\t\t\t\t36+\t\t\t\t\t\t\t\t<\/span>\n\t\t\t\t\t\t\t<\/div>\n\t\t\t\t\t\t\t\t\t\t\t\t\t\t\t\t\t\t\t\t\t<div class=\"desc\">\n\t\t\t\t\t\t\t\t\t\t\t\t\t\t\t\t<h5 class=\"name\">\n\t\t\t\t\t\t\t\t\t<span >\n                    K\u00fcl\u00f6nleges rendezv\u00e9ny                  <\/span>\n\t\t\t\t\t\t\t\t<\/h5>\n\t\t\t\t\t\t\t\t\t\t\t\t\t\t\t\t\t\t\t\t\t\t\t\t<div class=\"subname\">\n\t\t\t\t\t\t\t\t\t<span >\n                    Esk\u00fcv\u0151, tejfakaszt\u00f3, sz\u00fclinap                  <\/span>\n\t\t\t\t\t\t\t\t<\/div>\n\t\t\t\t\t\t\t\t\t\t\t\t\t\t\t<\/div>\n\t\t\t\t\t\t\t\t\t\t\t\t\t<\/div>\n\t\t\t\t\t<\/div>\n\t\t\t\t\t\t\t\t\t\t<div class=\"col-xs-12 col-sm-12 col-md-6 col-lg-3\">\n\t\t\t\t\t\t<div class=\"kf-numbers-item-2 element-anim-1 scroll-animate\" data-animate=\"active\">\n\t\t\t\t\t\t\t\t\t\t\t\t\t\t<div class=\"icon\">\n\t\t\t\t\t\t\t\t<i aria-hidden=\"true\" class=\"las la-grin-stars\"><\/i>\t\t\t\t\t\t\t<\/div>\n\t\t\t\t\t\t\t\t\t\t\t\t\t\t\t\t\t\t\t\t\t<div class=\"num kf-js-number\" data-end-value=\"2000+\">\n\t\t\t\t\t\t\t\t<span >\n\t\t\t\t\t\t\t\t\t2000+\t\t\t\t\t\t\t\t<\/span>\n\t\t\t\t\t\t\t<\/div>\n\t\t\t\t\t\t\t\t\t\t\t\t\t\t\t\t\t\t\t\t\t<div class=\"desc\">\n\t\t\t\t\t\t\t\t\t\t\t\t\t\t\t\t<h5 class=\"name\">\n\t\t\t\t\t\t\t\t\t<span >\n                    K\u00fcl\u00f6n\u00f6sen mosolyg\u00f3s arc                  <\/span>\n\t\t\t\t\t\t\t\t<\/h5>\n\t\t\t\t\t\t\t\t\t\t\t\t\t\t\t\t\t\t\t\t\t\t\t\t<div class=\"subname\">\n\t\t\t\t\t\t\t\t\t<span >\n                    Sz\u00e1munkra igen fontos \u00e9rt\u00e9kel\u00e9s                  <\/span>\n\t\t\t\t\t\t\t\t<\/div>\n\t\t\t\t\t\t\t\t\t\t\t\t\t\t\t<\/div>\n\t\t\t\t\t\t\t\t\t\t\t\t\t<\/div>\n\t\t\t\t\t<\/div>\n\t\t\t\t\t\t\t\t\t\t<div class=\"col-xs-12 col-sm-12 col-md-6 col-lg-3\">\n\t\t\t\t\t\t<div class=\"kf-numbers-item-2 element-anim-1 scroll-animate\" data-animate=\"active\">\n\t\t\t\t\t\t\t\t\t\t\t\t\t\t<div class=\"icon\">\n\t\t\t\t\t\t\t\t<i aria-hidden=\"true\" class=\"far fa-handshake\"><\/i>\t\t\t\t\t\t\t<\/div>\n\t\t\t\t\t\t\t\t\t\t\t\t\t\t\t\t\t\t\t\t\t<div class=\"num kf-js-number\" data-end-value=\"10000+\">\n\t\t\t\t\t\t\t\t<span >\n\t\t\t\t\t\t\t\t\t10000+\t\t\t\t\t\t\t\t<\/span>\n\t\t\t\t\t\t\t<\/div>\n\t\t\t\t\t\t\t\t\t\t\t\t\t\t\t\t\t\t\t\t\t<div class=\"desc\">\n\t\t\t\t\t\t\t\t\t\t\t\t\t\t\t\t<h5 class=\"name\">\n\t\t\t\t\t\t\t\t\t<span >\n                    Gratul\u00e1ci\u00f3, k\u00f6sz\u00f6net                  <\/span>\n\t\t\t\t\t\t\t\t<\/h5>\n\t\t\t\t\t\t\t\t\t\t\t\t\t\t\t\t\t\t\t\t\t\t\t\t<div class=\"subname\">\n\t\t\t\t\t\t\t\t\t<span >\n                    Az \u00f6tlet\u00e9rt, az \u00e9lm\u00e9ny\u00e9rt                   <\/span>\n\t\t\t\t\t\t\t\t<\/div>\n\t\t\t\t\t\t\t\t\t\t\t\t\t\t\t<\/div>\n\t\t\t\t\t\t\t\t\t\t\t\t\t<\/div>\n\t\t\t\t\t<\/div>\n\t\t\t\t\t\t\t\t\t<\/div>\n\t\t\t\t\t\t\t<\/div>\n\t\t<\/section>\n\n\t\t\t\t\t\t<\/div>\n\t\t\t\t<\/div>\n\t\t\t\t\t<\/div>\n\t\t<\/div>\n\t\t\t\t\t<\/div>\n\t\t<\/section>\n\t\t\t\t<section class=\"elementor-section elementor-top-section elementor-element elementor-element-a7381ee elementor-section-full_width elementor-section-height-default elementor-section-height-default\" data-id=\"a7381ee\" data-element_type=\"section\" data-settings=\"{&quot;background_background&quot;:&quot;classic&quot;}\">\n\t\t\t\t\t\t<div class=\"elementor-container elementor-column-gap-no\">\n\t\t\t\t\t<div class=\"elementor-column elementor-col-100 elementor-top-column elementor-element elementor-element-5b1fd22\" data-id=\"5b1fd22\" data-element_type=\"column\">\n\t\t\t<div class=\"elementor-widget-wrap elementor-element-populated\">\n\t\t\t\t\t\t<div class=\"elementor-element elementor-element-9816560 elementor-widget elementor-widget-kaffen-services2\" data-id=\"9816560\" data-element_type=\"widget\" data-widget_type=\"kaffen-services2.default\">\n\t\t\t\t<div class=\"elementor-widget-container\">\n\t\t\t\t\t\n    <!-- Section Services-2 -->\n\t\t<section class=\"section kf-services\">\n\t\t\t<div class=\"container\">\n\t\t\t\t\n\t\t\t\t\t\t\t\t<div class=\"kf-services-items-2 row\">\n\t\t\t\t\t\t\t\t\t\t<div class=\"col-xs-12 col-sm-12 col-md-6 col-lg-3\">\n\t\t\t\t\t\t<div class=\"kf-services-item-2 element-anim-1 scroll-animate\" data-animate=\"active\">\n\t\t\t\t\t\t\t\t\t\t\t\t\t\t<div class=\"image\">\n\t\t\t\t\t\t\t\t\t\t\t\t\t\t\t\t<img decoding=\"async\" src=\"https:\/\/csepelcsapszek.hu\/wp-content\/uploads\/2023\/05\/44-446468_valentines-day-menu-clipart-happy-wedding-text-png.png\" alt=\"Esk\u00fcv\u0151re\" \/>\n\t\t\t\t\t\t\t\t\t\t\t\t\t\t\t<\/div>\n\t\t\t\t\t\t\t\t\t\t\t\t\t\t\t\t\t\t\t\t\t<div class=\"desc\">\n\t\t\t\t\t\t\t\t\t\t\t\t\t\t\t\t<h5 class=\"name\">\n\t\t\t\t\t\t\t\t\t<span >\n                    Esk\u00fcv\u0151re                  <\/span>\n\t\t\t\t\t\t\t\t<\/h5>\n\t\t\t\t\t\t\t\t\t\t\t\t\t\t\t\t\t\t\t\t\t\t\t\t<div class=\"subname\">\n\t\t\t\t\t\t\t\t\t<span >\n                    Komplett italszolg\u00e1ltat\u00e1s                  <\/span>\n\t\t\t\t\t\t\t\t<\/div>\n\t\t\t\t\t\t\t\t\t\t\t\t\t\t\t<\/div>\n\t\t\t\t\t\t\t\t\t\t\t\t\t<\/div>\n\t\t\t\t\t<\/div>\n\t\t\t\t\t\t\t\t\t\t<div class=\"col-xs-12 col-sm-12 col-md-6 col-lg-3\">\n\t\t\t\t\t\t<div class=\"kf-services-item-2 element-anim-1 scroll-animate\" data-animate=\"active\">\n\t\t\t\t\t\t\t\t\t\t\t\t\t\t<div class=\"image\">\n\t\t\t\t\t\t\t\t\t\t\t\t\t\t\t\t<img decoding=\"async\" src=\"https:\/\/csepelcsapszek.hu\/wp-content\/uploads\/2022\/04\/history4.jpg\" alt=\"C\u00e9ges rendezv\u00e9nyre\" \/>\n\t\t\t\t\t\t\t\t\t\t\t\t\t\t\t<\/div>\n\t\t\t\t\t\t\t\t\t\t\t\t\t\t\t\t\t\t\t\t\t<div class=\"desc\">\n\t\t\t\t\t\t\t\t\t\t\t\t\t\t\t\t<h5 class=\"name\">\n\t\t\t\t\t\t\t\t\t<span >\n                    C\u00e9ges rendezv\u00e9nyre                  <\/span>\n\t\t\t\t\t\t\t\t<\/h5>\n\t\t\t\t\t\t\t\t\t\t\t\t\t\t\t\t\t\t\t\t\t\t\t\t<div class=\"subname\">\n\t\t\t\t\t\t\t\t\t<span >\n                    Ak\u00e1r programokkal                   <\/span>\n\t\t\t\t\t\t\t\t<\/div>\n\t\t\t\t\t\t\t\t\t\t\t\t\t\t\t<\/div>\n\t\t\t\t\t\t\t\t\t\t\t\t\t<\/div>\n\t\t\t\t\t<\/div>\n\t\t\t\t\t\t\t\t\t\t<div class=\"col-xs-12 col-sm-12 col-md-6 col-lg-3\">\n\t\t\t\t\t\t<div class=\"kf-services-item-2 element-anim-1 scroll-animate\" data-animate=\"active\">\n\t\t\t\t\t\t\t\t\t\t\t\t\t\t<div class=\"image\">\n\t\t\t\t\t\t\t\t\t\t\t\t\t\t\t\t<img decoding=\"async\" src=\"https:\/\/csepelcsapszek.hu\/wp-content\/uploads\/2023\/05\/png-clipart-computer-icons-concert-stage-text-logo.png\" alt=\"Fesztiv\u00e1lra\" \/>\n\t\t\t\t\t\t\t\t\t\t\t\t\t\t\t<\/div>\n\t\t\t\t\t\t\t\t\t\t\t\t\t\t\t\t\t\t\t\t\t<div class=\"desc\">\n\t\t\t\t\t\t\t\t\t\t\t\t\t\t\t\t<h5 class=\"name\">\n\t\t\t\t\t\t\t\t\t<span >\n                    Fesztiv\u00e1lra                  <\/span>\n\t\t\t\t\t\t\t\t<\/h5>\n\t\t\t\t\t\t\t\t\t\t\t\t\t\t\t\t\t\t\t\t\t\t\t\t<div class=\"subname\">\n\t\t\t\t\t\t\t\t\t<span >\n                    Gyorsan, hideget                  <\/span>\n\t\t\t\t\t\t\t\t<\/div>\n\t\t\t\t\t\t\t\t\t\t\t\t\t\t\t<\/div>\n\t\t\t\t\t\t\t\t\t\t\t\t\t<\/div>\n\t\t\t\t\t<\/div>\n\t\t\t\t\t\t\t\t\t\t<div class=\"col-xs-12 col-sm-12 col-md-6 col-lg-3\">\n\t\t\t\t\t\t<div class=\"kf-services-item-2 element-anim-1 scroll-animate\" data-animate=\"active\">\n\t\t\t\t\t\t\t\t\t\t\t\t\t\t<div class=\"image\">\n\t\t\t\t\t\t\t\t\t\t\t\t\t\t\t\t<img decoding=\"async\" src=\"https:\/\/csepelcsapszek.hu\/wp-content\/uploads\/2023\/08\/IMG_20230527_202318-scaled-e1691783960748.jpg\" alt=\"Csal\u00e1di, bar\u00e1ti tal\u00e1lkoz\u00f3ra \" \/>\n\t\t\t\t\t\t\t\t\t\t\t\t\t\t\t<\/div>\n\t\t\t\t\t\t\t\t\t\t\t\t\t\t\t\t\t\t\t\t\t<div class=\"desc\">\n\t\t\t\t\t\t\t\t\t\t\t\t\t\t\t\t<h5 class=\"name\">\n\t\t\t\t\t\t\t\t\t<span >\n                    Csal\u00e1di, bar\u00e1ti tal\u00e1lkoz\u00f3ra                   <\/span>\n\t\t\t\t\t\t\t\t<\/h5>\n\t\t\t\t\t\t\t\t\t\t\t\t\t\t\t\t\t\t\t\t\t\t\t\t<div class=\"subname\">\n\t\t\t\t\t\t\t\t\t<span >\n                    K\u00fcl\u00f6nleges \u00e9lm\u00e9ny b\u00e1rhol                  <\/span>\n\t\t\t\t\t\t\t\t<\/div>\n\t\t\t\t\t\t\t\t\t\t\t\t\t\t\t<\/div>\n\t\t\t\t\t\t\t\t\t\t\t\t\t<\/div>\n\t\t\t\t\t<\/div>\n\t\t\t\t\t\t\t\t\t<\/div>\n\t\t\t\t\t\t\t<\/div>\n\t\t<\/section>\n\n\t\t\t\t\t\t<\/div>\n\t\t\t\t<\/div>\n\t\t\t\t\t<\/div>\n\t\t<\/div>\n\t\t\t\t\t<\/div>\n\t\t<\/section>\n\t\t\t\t<section class=\"elementor-section elementor-top-section elementor-element elementor-element-f857ad6 elementor-section-full_width elementor-section-height-default elementor-section-height-default\" data-id=\"f857ad6\" data-element_type=\"section\" data-settings=\"{&quot;background_background&quot;:&quot;classic&quot;}\">\n\t\t\t\t\t\t<div class=\"elementor-container elementor-column-gap-no\">\n\t\t\t\t\t<div class=\"elementor-column elementor-col-100 elementor-top-column elementor-element elementor-element-8dda338\" data-id=\"8dda338\" data-element_type=\"column\">\n\t\t\t<div class=\"elementor-widget-wrap\">\n\t\t\t\t\t\t\t<\/div>\n\t\t<\/div>\n\t\t\t\t\t<\/div>\n\t\t<\/section>\n\t\t\t\t<section class=\"elementor-section elementor-top-section elementor-element elementor-element-ec505e6 elementor-section-full_width elementor-section-height-default elementor-section-height-default\" data-id=\"ec505e6\" data-element_type=\"section\">\n\t\t\t\t\t\t<div class=\"elementor-container elementor-column-gap-no\">\n\t\t\t\t\t<div class=\"elementor-column elementor-col-100 elementor-top-column elementor-element elementor-element-8c0ed02\" data-id=\"8c0ed02\" data-element_type=\"column\">\n\t\t\t<div class=\"elementor-widget-wrap elementor-element-populated\">\n\t\t\t\t\t\t<div class=\"elementor-element elementor-element-07adc2c elementor-widget elementor-widget-kaffen-instagram-carousel\" data-id=\"07adc2c\" data-element_type=\"widget\" data-widget_type=\"kaffen-instagram-carousel.default\">\n\t\t\t\t<div class=\"elementor-widget-container\">\n\t\t\t\t\t\n\t\t<!-- Section Insta Carousel -->\n\t\t<section class=\"section kf-insta-carousel element-anim-1 scroll-animate\" data-animate=\"active\">\n\t\t\t<div class=\"container\">\n\t\t\t\t<div class=\"swiper-container\">\n\n\t\t\t\t\t<div class=\"swiper-wrapper\">\n\t\t\t\t\t\t\t\t\t\t\t\t\t\t\t\t\t\t\t\t\t\t\t\t<div class=\"swiper-slide\">\n\t\t\t\t\t\t\t<div class=\"slide-item\">\n\t\t\t\t\t\t\t\t<div class=\"image kf-image-hover\">\n\t\t\t\t\t\t\t\t\t\t\t\t\t\t\t\t\t\t<a href=\"https:\/\/www.instagram.com\/p\/CcQBZQZhYQC\/\" target=\"_blank\">\n\t\t\t\t\t\t\t\t\t\t<img decoding=\"async\" src=\"https:\/\/csepelcsapszek.hu\/wp-content\/uploads\/2023\/08\/IMG_20230527_100901-scaled.jpg\" alt=\"Item #1\" \/>\n\t\t\t\t\t\t\t\t\t\t<i class=\"fab fa-instagram\"><\/i>\n\t\t\t\t\t\t\t\t\t<\/a>\n\t\t\t\t\t\t\t\t\t\t\t\t\t\t\t\t\t<\/div>\n\t\t\t\t\t\t\t<\/div>\n\t\t\t\t\t\t<\/div>\n\t\t\t\t\t\t\t\t\t\t\t\t<div class=\"swiper-slide\">\n\t\t\t\t\t\t\t<div class=\"slide-item\">\n\t\t\t\t\t\t\t\t<div class=\"image kf-image-hover\">\n\t\t\t\t\t\t\t\t\t\t\t\t\t\t\t\t\t\t<a href=\"https:\/\/www.instagram.com\/p\/CcRphfcL4wi\/\" target=\"_blank\">\n\t\t\t\t\t\t\t\t\t\t<img decoding=\"async\" src=\"https:\/\/csepelcsapszek.hu\/wp-content\/uploads\/2023\/05\/1663098933028.jpg\" alt=\"Item #3\" \/>\n\t\t\t\t\t\t\t\t\t\t<i class=\"fab fa-instagram\"><\/i>\n\t\t\t\t\t\t\t\t\t<\/a>\n\t\t\t\t\t\t\t\t\t\t\t\t\t\t\t\t\t<\/div>\n\t\t\t\t\t\t\t<\/div>\n\t\t\t\t\t\t<\/div>\n\t\t\t\t\t\t\t\t\t\t\t\t<div class=\"swiper-slide\">\n\t\t\t\t\t\t\t<div class=\"slide-item\">\n\t\t\t\t\t\t\t\t<div class=\"image kf-image-hover\">\n\t\t\t\t\t\t\t\t\t\t\t\t\t\t\t\t\t\t<a href=\"https:\/\/www.instagram.com\/p\/Cs15IbjK7Cm\/?img_index=1\" target=\"_blank\">\n\t\t\t\t\t\t\t\t\t\t<img decoding=\"async\" src=\"https:\/\/csepelcsapszek.hu\/wp-content\/uploads\/2023\/08\/IMG_20230610_142836-scaled-e1691784954874.jpg\" alt=\"Item #4\" \/>\n\t\t\t\t\t\t\t\t\t\t<i class=\"fab fa-instagram\"><\/i>\n\t\t\t\t\t\t\t\t\t<\/a>\n\t\t\t\t\t\t\t\t\t\t\t\t\t\t\t\t\t<\/div>\n\t\t\t\t\t\t\t<\/div>\n\t\t\t\t\t\t<\/div>\n\t\t\t\t\t\t\t\t\t\t\t\t\t\t\t\t\t\t\t\t\t\t\t<\/div>\n\t\t\t\t<\/div>\n\t\t\t<\/div>\n\t\t<\/section>\n\n\t\t\t\t\t\t<\/div>\n\t\t\t\t<\/div>\n\t\t\t\t\t<\/div>\n\t\t<\/div>\n\t\t\t\t\t<\/div>\n\t\t<\/section>\n\t\t\t\t<\/div>\n\t\t","protected":false},"excerpt":{"rendered":"<p>Csapsz\u00e9k\u00fcnk Egy Csepel D344 teheraut\u00f3 \u00e1ltal hordozott b\u00e1r,&nbsp; mely els\u0151 pillant\u00e1sra egy s\u00f6r\u00f6z\u0151,&nbsp; de ez ann\u00e1l sokkal t\u00f6bb! Teheraut\u00f3nk saj\u00e1t &#8220;l\u00e1b\u00e1n&#8221; gurul el a megrendel\u0151 \u00e1ltal k\u00e9rt ter\u00fcletre ahol ak\u00e1r k\u00fcls\u0151 \u00e1ramforr\u00e1s n\u00e9lk\u00fcl ny\u00fajtjuk teljesk\u00f6r\u0171 italszolg\u00e1ltat\u00e1sunkat. Min\u0151s\u00e9g az els\u0151! Legkorszer\u0171bb h\u0171t\u0151technika a egy t\u00f6bb&#8230; <\/p>\n<div class=\"readmore\"><a href=\"https:\/\/csepelcsapszek.hu\/index.php\/about\/\" class=\"kf-btn-link\"><span>Read more<\/span> <i class=\"fas fa-chevron-right\"><\/i><\/a><\/div>\n","protected":false},"author":1,"featured_media":0,"parent":0,"menu_order":0,"comment_status":"closed","ping_status":"closed","template":"template-layout-builder.php","meta":{"footnotes":""},"class_list":["post-268","page","type-page","status-publish","hentry"],"acf":[],"_links":{"self":[{"href":"https:\/\/csepelcsapszek.hu\/index.php\/wp-json\/wp\/v2\/pages\/268","targetHints":{"allow":["GET"]}}],"collection":[{"href":"https:\/\/csepelcsapszek.hu\/index.php\/wp-json\/wp\/v2\/pages"}],"about":[{"href":"https:\/\/csepelcsapszek.hu\/index.php\/wp-json\/wp\/v2\/types\/page"}],"author":[{"embeddable":true,"href":"https:\/\/csepelcsapszek.hu\/index.php\/wp-json\/wp\/v2\/users\/1"}],"replies":[{"embeddable":true,"href":"https:\/\/csepelcsapszek.hu\/index.php\/wp-json\/wp\/v2\/comments?post=268"}],"version-history":[{"count":121,"href":"https:\/\/csepelcsapszek.hu\/index.php\/wp-json\/wp\/v2\/pages\/268\/revisions"}],"predecessor-version":[{"id":2456,"href":"https:\/\/csepelcsapszek.hu\/index.php\/wp-json\/wp\/v2\/pages\/268\/revisions\/2456"}],"wp:attachment":[{"href":"https:\/\/csepelcsapszek.hu\/index.php\/wp-json\/wp\/v2\/media?parent=268"}],"curies":[{"name":"wp","href":"https:\/\/api.w.org\/{rel}","templated":true}]}}