{"id":2205,"date":"2024-01-03T23:41:02","date_gmt":"2024-01-03T21:41:02","guid":{"rendered":"https:\/\/csepelcsapszek.hu\/?page_id=2205"},"modified":"2024-01-04T00:02:06","modified_gmt":"2024-01-03T22:02:06","slug":"csapatepito","status":"publish","type":"page","link":"https:\/\/csepelcsapszek.hu\/index.php\/csapatepito\/","title":{"rendered":"Csapat\u00e9p\u00edt\u0151"},"content":{"rendered":"\t\t<div data-elementor-type=\"wp-page\" data-elementor-id=\"2205\" class=\"elementor elementor-2205\" data-elementor-post-type=\"page\">\n\t\t\t\t\t\t<section class=\"elementor-section elementor-top-section elementor-element elementor-element-89b12d7 elementor-section-full_width elementor-section-stretched elementor-section-height-default elementor-section-height-default\" data-id=\"89b12d7\" data-element_type=\"section\" data-settings=\"{&quot;stretch_section&quot;:&quot;section-stretched&quot;}\">\n\t\t\t\t\t\t<div class=\"elementor-container elementor-column-gap-default\">\n\t\t\t\t\t<div class=\"elementor-column elementor-col-100 elementor-top-column elementor-element elementor-element-caf0890\" data-id=\"caf0890\" data-element_type=\"column\">\n\t\t\t<div class=\"elementor-widget-wrap\">\n\t\t\t\t\t\t\t<\/div>\n\t\t<\/div>\n\t\t\t\t\t<\/div>\n\t\t<\/section>\n\t\t\t\t<section class=\"elementor-section elementor-top-section elementor-element elementor-element-6dc66f0 elementor-section-full_width elementor-section-height-default elementor-section-height-default\" data-id=\"6dc66f0\" data-element_type=\"section\">\n\t\t\t\t\t\t<div class=\"elementor-container elementor-column-gap-default\">\n\t\t\t\t\t<div class=\"elementor-column elementor-col-100 elementor-top-column elementor-element elementor-element-5ec6ea7\" data-id=\"5ec6ea7\" data-element_type=\"column\">\n\t\t\t<div class=\"elementor-widget-wrap elementor-element-populated\">\n\t\t\t\t\t\t<div class=\"elementor-element elementor-element-f5cf30c elementor-widget elementor-widget-kaffen-started\" data-id=\"f5cf30c\" data-element_type=\"widget\" data-widget_type=\"kaffen-started.default\">\n\t\t\t\t<div class=\"elementor-widget-container\">\n\t\t\t\t\t\n    <!-- Section Started Inner -->\n    <section class=\"section kf-started-inner\">\n      <div class=\"kf-parallax-bg\" style=\"background-image: url('https:\/\/csepelcsapszek.hu\/wp-content\/uploads\/2024\/01\/IMG_0660-EDIT-scaled.jpg');\"><\/div>\n\t  <div class=\"container\">\n                <h1 class=\"kf-h-title text-anim-1 scroll-animate\" data-splitting=\"chars\" data-animate=\"active\">\n          <span >\n            Csapat\u00e9p\u00edt\u0151          <\/span>\n        <\/h1>\n        \n\t\t\t\t      <\/div>\n    <\/section>\n\n\t\t\t\t\t\t<\/div>\n\t\t\t\t<\/div>\n\t\t\t\t\t<\/div>\n\t\t<\/div>\n\t\t\t\t\t<\/div>\n\t\t<\/section>\n\t\t\t\t<\/div>\n\t\t","protected":false},"excerpt":{"rendered":"<p>Csapat\u00e9p\u00edt\u0151<\/p>\n","protected":false},"author":1,"featured_media":0,"parent":0,"menu_order":0,"comment_status":"closed","ping_status":"closed","template":"template-layout-builder.php","meta":{"footnotes":""},"class_list":["post-2205","page","type-page","status-publish","hentry"],"acf":[],"_links":{"self":[{"href":"https:\/\/csepelcsapszek.hu\/index.php\/wp-json\/wp\/v2\/pages\/2205","targetHints":{"allow":["GET"]}}],"collection":[{"href":"https:\/\/csepelcsapszek.hu\/index.php\/wp-json\/wp\/v2\/pages"}],"about":[{"href":"https:\/\/csepelcsapszek.hu\/index.php\/wp-json\/wp\/v2\/types\/page"}],"author":[{"embeddable":true,"href":"https:\/\/csepelcsapszek.hu\/index.php\/wp-json\/wp\/v2\/users\/1"}],"replies":[{"embeddable":true,"href":"https:\/\/csepelcsapszek.hu\/index.php\/wp-json\/wp\/v2\/comments?post=2205"}],"version-history":[{"count":6,"href":"https:\/\/csepelcsapszek.hu\/index.php\/wp-json\/wp\/v2\/pages\/2205\/revisions"}],"predecessor-version":[{"id":2217,"href":"https:\/\/csepelcsapszek.hu\/index.php\/wp-json\/wp\/v2\/pages\/2205\/revisions\/2217"}],"wp:attachment":[{"href":"https:\/\/csepelcsapszek.hu\/index.php\/wp-json\/wp\/v2\/media?parent=2205"}],"curies":[{"name":"wp","href":"https:\/\/api.w.org\/{rel}","templated":true}]}}