{"id":1536,"date":"2023-04-17T17:21:11","date_gmt":"2023-04-17T17:21:11","guid":{"rendered":"https:\/\/csepelcsapszek.hu\/?page_id=1536"},"modified":"2024-01-03T22:56:25","modified_gmt":"2024-01-03T20:56:25","slug":"csepel-d-344","status":"publish","type":"page","link":"https:\/\/csepelcsapszek.hu\/index.php\/csepel-d-344\/","title":{"rendered":"Esk\u00fcv\u0151"},"content":{"rendered":"\t\t<div data-elementor-type=\"wp-page\" data-elementor-id=\"1536\" class=\"elementor elementor-1536\" data-elementor-post-type=\"page\">\n\t\t\t\t\t\t<section class=\"elementor-section elementor-top-section elementor-element elementor-element-6e6985f elementor-section-full_width elementor-section-stretched elementor-section-height-default elementor-section-height-default\" data-id=\"6e6985f\" data-element_type=\"section\" data-settings=\"{&quot;stretch_section&quot;:&quot;section-stretched&quot;}\">\n\t\t\t\t\t\t<div class=\"elementor-container elementor-column-gap-default\">\n\t\t\t\t\t<div class=\"elementor-column elementor-col-100 elementor-top-column elementor-element elementor-element-9c82996\" data-id=\"9c82996\" data-element_type=\"column\">\n\t\t\t<div class=\"elementor-widget-wrap elementor-element-populated\">\n\t\t\t\t\t\t<div class=\"elementor-element elementor-element-2c1f6ae elementor-widget__width-inherit elementor-widget elementor-widget-kaffen-started\" data-id=\"2c1f6ae\" data-element_type=\"widget\" data-widget_type=\"kaffen-started.default\">\n\t\t\t\t<div class=\"elementor-widget-container\">\n\t\t\t\t\t\n    <!-- Section Started Inner -->\n    <section class=\"section kf-started-inner\">\n      <div class=\"kf-parallax-bg js-parallax bottom\" style=\"background-image: url('https:\/\/csepelcsapszek.hu\/wp-content\/uploads\/2024\/01\/IMG_20230803_161905-scaled.jpg');\"><\/div>\n\t  <div class=\"container\">\n                <h1 class=\"kf-h-title text-anim-1 scroll-animate\" data-splitting=\"chars\" data-animate=\"active\">\n          <span >\n            <br>\n<br><b>Esk\u00fcv\u0151<\/b>          <\/span>\n        <\/h1>\n        \n\t\t\t\t      <\/div>\n    <\/section>\n\n\t\t\t\t\t\t<\/div>\n\t\t\t\t<\/div>\n\t\t\t\t<div class=\"elementor-element elementor-element-e26f36b elementor-widget elementor-widget-text-editor\" data-id=\"e26f36b\" data-element_type=\"widget\" data-widget_type=\"text-editor.default\">\n\t\t\t\t<div class=\"elementor-widget-container\">\n\t\t\t\t\t\t\t\t\t<h5>V\u00e1llaljuk esk\u00fcv\u00f6k teljesk\u00f6r\u0171 italszolg\u00e1ltat\u00e1s\u00e1t, egy\u00e9ni ig\u00e9nyekhez igazodva.<\/h5>\t\t\t\t\t\t\t\t<\/div>\n\t\t\t\t<\/div>\n\t\t\t\t\t<\/div>\n\t\t<\/div>\n\t\t\t\t\t<\/div>\n\t\t<\/section>\n\t\t\t\t<\/div>\n\t\t","protected":false},"excerpt":{"rendered":"<p>Esk\u00fcv\u0151 V\u00e1llaljuk esk\u00fcv\u00f6k teljesk\u00f6r\u0171 italszolg\u00e1ltat\u00e1s\u00e1t, egy\u00e9ni ig\u00e9nyekhez igazodva.<\/p>\n","protected":false},"author":1,"featured_media":0,"parent":0,"menu_order":9,"comment_status":"closed","ping_status":"closed","template":"template-layout-builder.php","meta":{"footnotes":""},"class_list":["post-1536","page","type-page","status-publish","hentry"],"acf":[],"_links":{"self":[{"href":"https:\/\/csepelcsapszek.hu\/index.php\/wp-json\/wp\/v2\/pages\/1536","targetHints":{"allow":["GET"]}}],"collection":[{"href":"https:\/\/csepelcsapszek.hu\/index.php\/wp-json\/wp\/v2\/pages"}],"about":[{"href":"https:\/\/csepelcsapszek.hu\/index.php\/wp-json\/wp\/v2\/types\/page"}],"author":[{"embeddable":true,"href":"https:\/\/csepelcsapszek.hu\/index.php\/wp-json\/wp\/v2\/users\/1"}],"replies":[{"embeddable":true,"href":"https:\/\/csepelcsapszek.hu\/index.php\/wp-json\/wp\/v2\/comments?post=1536"}],"version-history":[{"count":164,"href":"https:\/\/csepelcsapszek.hu\/index.php\/wp-json\/wp\/v2\/pages\/1536\/revisions"}],"predecessor-version":[{"id":2198,"href":"https:\/\/csepelcsapszek.hu\/index.php\/wp-json\/wp\/v2\/pages\/1536\/revisions\/2198"}],"wp:attachment":[{"href":"https:\/\/csepelcsapszek.hu\/index.php\/wp-json\/wp\/v2\/media?parent=1536"}],"curies":[{"name":"wp","href":"https:\/\/api.w.org\/{rel}","templated":true}]}}